{"id":1966,"date":"2023-04-06T14:16:58","date_gmt":"2023-04-06T14:16:58","guid":{"rendered":"https:\/\/samtal.vichitram.in\/?post_type=product&#038;p=1966"},"modified":"2023-04-08T06:48:23","modified_gmt":"2023-04-08T06:48:23","slug":"consultation-for-children","status":"publish","type":"product","link":"https:\/\/samtaltherapy.com\/sv\/produkt\/consultation-for-children\/","title":{"rendered":"Barn- och ungdomskonsultation"},"content":{"rendered":"<p><span style=\"font-weight: 400;\">Barn och ungdomar har unika s\u00e4tt att reagera p\u00e5 olika m\u00e4nniskor och situationer och har ibland sv\u00e5rt att reglera sina egna k\u00e4nslor och beteenden. Barn &amp; ungdomsterapi kan d\u00e4rf\u00f6r vara ett s\u00e4tt att se p\u00e5 vad som ligger bakom dessa sv\u00e5ra k\u00e4nslor och hj\u00e4lpa barn\/ungdomar, och \u00e4ven deras familjer, att f\u00f6rst\u00e5 och hantera b\u00e5de vardagsutmaningar och utmaningar fr\u00e5n sv\u00e5ra livssituationer.<\/span><\/p>\n<p>&nbsp;<\/p>\n<p><strong>Psykoterapi med barn\/ungdom fokuserar \u00f6verv\u00e4gande p\u00e5 fr\u00e5gor som t.ex<\/strong><\/p>\n<p>&nbsp;<\/p>\n<ul>\n<li style=\"list-style-type: none;\">\n<ul>\n<li><span style=\"font-weight: 400;\">Challenges posed by transitions in life; Challenges at school, migrating to new place etc<br \/>\n<\/span><\/li>\n<li><span style=\"font-weight: 400;\">Nedtryckning<br \/>\n<\/span><\/li>\n<li><span style=\"font-weight: 400;\">\u00c5ngest<br \/>\n<\/span><\/li>\n<li><span style=\"font-weight: 400;\">Livsstilsst\u00f6rningar som s\u00f6mnsv\u00e5righeter, fetma<br \/>\n<\/span><\/li>\n<li><span style=\"font-weight: 400;\">Hantering av k\u00e4nslor och stress<\/span><\/li>\n<\/ul>\n<\/li>\n<\/ul>","protected":false},"excerpt":{"rendered":"<p>Children and adolescents have unique ways of responding to different people and situations, and at times find it difficult to regulate their own emotions and behaviour. Child &amp; adolescent therapy could therefore be a way of looking at what lies underneath these difficult emotions and help children\/adolescents, and even their families to understand and deal [&hellip;]<\/p>","protected":false},"featured_media":1967,"comment_status":"open","ping_status":"closed","template":"","meta":{"site-sidebar-layout":"default","site-content-layout":"default","ast-site-content-layout":"","site-content-style":"default","site-sidebar-style":"default","ast-global-header-display":"","ast-banner-title-visibility":"","ast-main-header-display":"","ast-hfb-above-header-display":"","ast-hfb-below-header-display":"","ast-hfb-mobile-header-display":"","site-post-title":"","ast-breadcrumbs-content":"","ast-featured-img":"","footer-sml-layout":"","theme-transparent-header-meta":"default","adv-header-id-meta":"","stick-header-meta":"","header-above-stick-meta":"","header-main-stick-meta":"","header-below-stick-meta":"","astra-migrate-meta-layouts":"default","ast-page-background-enabled":"default","ast-page-background-meta":{"desktop":{"background-color":"var(--ast-global-color-4)","background-image":"","background-repeat":"repeat","background-position":"center center","background-size":"auto","background-attachment":"scroll","background-type":"","background-media":"","overlay-type":"","overlay-color":"","overlay-opacity":"","overlay-gradient":""},"tablet":{"background-color":"","background-image":"","background-repeat":"repeat","background-position":"center center","background-size":"auto","background-attachment":"scroll","background-type":"","background-media":"","overlay-type":"","overlay-color":"","overlay-opacity":"","overlay-gradient":""},"mobile":{"background-color":"","background-image":"","background-repeat":"repeat","background-position":"center center","background-size":"auto","background-attachment":"scroll","background-type":"","background-media":"","overlay-type":"","overlay-color":"","overlay-opacity":"","overlay-gradient":""}},"ast-content-background-meta":{"desktop":{"background-color":"var(--ast-global-color-5)","background-image":"","background-repeat":"repeat","background-position":"center center","background-size":"auto","background-attachment":"scroll","background-type":"","background-media":"","overlay-type":"","overlay-color":"","overlay-opacity":"","overlay-gradient":""},"tablet":{"background-color":"var(--ast-global-color-5)","background-image":"","background-repeat":"repeat","background-position":"center center","background-size":"auto","background-attachment":"scroll","background-type":"","background-media":"","overlay-type":"","overlay-color":"","overlay-opacity":"","overlay-gradient":""},"mobile":{"background-color":"var(--ast-global-color-5)","background-image":"","background-repeat":"repeat","background-position":"center center","background-size":"auto","background-attachment":"scroll","background-type":"","background-media":"","overlay-type":"","overlay-color":"","overlay-opacity":"","overlay-gradient":""}}},"product_cat":[27],"product_tag":[],"class_list":{"0":"post-1966","1":"product","2":"type-product","3":"status-publish","4":"has-post-thumbnail","6":"product_cat-uncategorized","7":"desktop-align-left","8":"tablet-align-left","9":"mobile-align-left","11":"first","12":"instock","13":"virtual","14":"purchasable","15":"product-type-simple"},"_links":{"self":[{"href":"https:\/\/samtaltherapy.com\/sv\/wp-json\/wp\/v2\/product\/1966","targetHints":{"allow":["GET"]}}],"collection":[{"href":"https:\/\/samtaltherapy.com\/sv\/wp-json\/wp\/v2\/product"}],"about":[{"href":"https:\/\/samtaltherapy.com\/sv\/wp-json\/wp\/v2\/types\/product"}],"replies":[{"embeddable":true,"href":"https:\/\/samtaltherapy.com\/sv\/wp-json\/wp\/v2\/comments?post=1966"}],"wp:featuredmedia":[{"embeddable":true,"href":"https:\/\/samtaltherapy.com\/sv\/wp-json\/wp\/v2\/media\/1967"}],"wp:attachment":[{"href":"https:\/\/samtaltherapy.com\/sv\/wp-json\/wp\/v2\/media?parent=1966"}],"wp:term":[{"taxonomy":"product_cat","embeddable":true,"href":"https:\/\/samtaltherapy.com\/sv\/wp-json\/wp\/v2\/product_cat?post=1966"},{"taxonomy":"product_tag","embeddable":true,"href":"https:\/\/samtaltherapy.com\/sv\/wp-json\/wp\/v2\/product_tag?post=1966"}],"curies":[{"name":"wp","href":"https:\/\/api.w.org\/{rel}","templated":true}]}}