{"id":1968,"date":"2023-04-06T14:25:09","date_gmt":"2023-04-06T14:25:09","guid":{"rendered":"https:\/\/samtal.vichitram.in\/?post_type=product&#038;p=1968"},"modified":"2023-04-08T06:50:22","modified_gmt":"2023-04-08T06:50:22","slug":"consultation-for-adults","status":"publish","type":"product","link":"https:\/\/samtaltherapy.com\/sv\/produkt\/consultation-for-adults\/","title":{"rendered":"Samtal med vuxna"},"content":{"rendered":"<p><span style=\"font-weight: 400;\">Att samarbeta med dig ur ett holistiskt perspektiv gentemot f\u00f6r\u00e4ndringar i livet, utveckling av f\u00e4rdigheter f\u00f6r att underl\u00e4tta vardagen, symtomf\u00f6rb\u00e4ttring bland annat \u00e4r huvudfokus under terapin. Psykoterapi bygger p\u00e5 en samarbetsrelation mellan psykolog och klient. Psykoterapi fokuserar b\u00e5de p\u00e5 att \u00f6ka kunskap och strategier f\u00f6r att hantera sv\u00e5rhanterliga situationer, symtomf\u00f6rb\u00e4ttring bland olika diagnoser eller tillst\u00e5nd som nedst\u00e4mdhet, \u00e5ngest och oro, tv\u00e5ngssyndrom, andra former av psykisk oh\u00e4lsa. Dessutom \u00e4r psykoterapi \u00e4ven riktad mot stress, livsstilsf\u00f6r\u00e4ndringar osv.<br>\nI motsats till vad m\u00e5nga tror beh\u00f6ver du inte v\u00e4nta p\u00e5 utmaningar i livet f\u00f6r att s\u00f6ka terapi, utan du kan \u00e4ven jobba med f\u00f6rebyggande insatser s\u00e5 att du \u00e4r utrustad f\u00f6r framtiden.<\/span><\/p>\n<p>&nbsp;<\/p>\n<p><strong>Individuell psykoterapi med vuxna fokuserar p\u00e5 dominerande fr\u00e5gor som t.ex<\/strong><\/p>\n<p>&nbsp;<\/p>\n<ul>\n<li style=\"list-style-type: none;\">\n<ul>\n<li>Nedtryckning<\/li>\n<li>\u00c5ngest<\/li>\n<li>OCD<\/li>\n<li>Livsstilsst\u00f6rningar<\/li>\n<li>Utmaningar fr\u00e5n \u00f6verg\u00e5ngar i livet<\/li>\n<li>Hantering av k\u00e4nslor och stress<\/li>\n<\/ul>\n<\/li>\n<\/ul>","protected":false},"excerpt":{"rendered":"<p>Individual psychotherapy with adults would aid you in developing the necessary insight into your underlying issues as well as enhance your coping mechanisms for handling similar situations. Thus, it can help you channelise your energy towards more well-organised thoughts. And, contrary to popular opinions, you don&#8217;t have to wait for things to reach a disturbed [&hellip;]<\/p>","protected":false},"featured_media":1969,"comment_status":"open","ping_status":"closed","template":"","meta":{"site-sidebar-layout":"default","site-content-layout":"default","ast-site-content-layout":"","site-content-style":"default","site-sidebar-style":"default","ast-global-header-display":"","ast-banner-title-visibility":"","ast-main-header-display":"","ast-hfb-above-header-display":"","ast-hfb-below-header-display":"","ast-hfb-mobile-header-display":"","site-post-title":"","ast-breadcrumbs-content":"","ast-featured-img":"","footer-sml-layout":"","theme-transparent-header-meta":"default","adv-header-id-meta":"","stick-header-meta":"","header-above-stick-meta":"","header-main-stick-meta":"","header-below-stick-meta":"","astra-migrate-meta-layouts":"default","ast-page-background-enabled":"default","ast-page-background-meta":{"desktop":{"background-color":"var(--ast-global-color-4)","background-image":"","background-repeat":"repeat","background-position":"center center","background-size":"auto","background-attachment":"scroll","background-type":"","background-media":"","overlay-type":"","overlay-color":"","overlay-opacity":"","overlay-gradient":""},"tablet":{"background-color":"","background-image":"","background-repeat":"repeat","background-position":"center center","background-size":"auto","background-attachment":"scroll","background-type":"","background-media":"","overlay-type":"","overlay-color":"","overlay-opacity":"","overlay-gradient":""},"mobile":{"background-color":"","background-image":"","background-repeat":"repeat","background-position":"center center","background-size":"auto","background-attachment":"scroll","background-type":"","background-media":"","overlay-type":"","overlay-color":"","overlay-opacity":"","overlay-gradient":""}},"ast-content-background-meta":{"desktop":{"background-color":"var(--ast-global-color-5)","background-image":"","background-repeat":"repeat","background-position":"center center","background-size":"auto","background-attachment":"scroll","background-type":"","background-media":"","overlay-type":"","overlay-color":"","overlay-opacity":"","overlay-gradient":""},"tablet":{"background-color":"var(--ast-global-color-5)","background-image":"","background-repeat":"repeat","background-position":"center center","background-size":"auto","background-attachment":"scroll","background-type":"","background-media":"","overlay-type":"","overlay-color":"","overlay-opacity":"","overlay-gradient":""},"mobile":{"background-color":"var(--ast-global-color-5)","background-image":"","background-repeat":"repeat","background-position":"center center","background-size":"auto","background-attachment":"scroll","background-type":"","background-media":"","overlay-type":"","overlay-color":"","overlay-opacity":"","overlay-gradient":""}}},"product_cat":[27],"product_tag":[],"class_list":{"0":"post-1968","1":"product","2":"type-product","3":"status-publish","4":"has-post-thumbnail","6":"product_cat-uncategorized","7":"desktop-align-left","8":"tablet-align-left","9":"mobile-align-left","11":"first","12":"instock","13":"virtual","14":"purchasable","15":"product-type-simple"},"_links":{"self":[{"href":"https:\/\/samtaltherapy.com\/sv\/wp-json\/wp\/v2\/product\/1968","targetHints":{"allow":["GET"]}}],"collection":[{"href":"https:\/\/samtaltherapy.com\/sv\/wp-json\/wp\/v2\/product"}],"about":[{"href":"https:\/\/samtaltherapy.com\/sv\/wp-json\/wp\/v2\/types\/product"}],"replies":[{"embeddable":true,"href":"https:\/\/samtaltherapy.com\/sv\/wp-json\/wp\/v2\/comments?post=1968"}],"wp:featuredmedia":[{"embeddable":true,"href":"https:\/\/samtaltherapy.com\/sv\/wp-json\/wp\/v2\/media\/1969"}],"wp:attachment":[{"href":"https:\/\/samtaltherapy.com\/sv\/wp-json\/wp\/v2\/media?parent=1968"}],"wp:term":[{"taxonomy":"product_cat","embeddable":true,"href":"https:\/\/samtaltherapy.com\/sv\/wp-json\/wp\/v2\/product_cat?post=1968"},{"taxonomy":"product_tag","embeddable":true,"href":"https:\/\/samtaltherapy.com\/sv\/wp-json\/wp\/v2\/product_tag?post=1968"}],"curies":[{"name":"wp","href":"https:\/\/api.w.org\/{rel}","templated":true}]}}