{"id":1972,"date":"2023-04-07T10:49:09","date_gmt":"2023-04-07T10:49:09","guid":{"rendered":"https:\/\/samtal.vichitram.in\/?post_type=product&#038;p=1972"},"modified":"2023-04-07T10:49:09","modified_gmt":"2023-04-07T10:49:09","slug":"consultation-for-groups","status":"publish","type":"product","link":"https:\/\/samtaltherapy.com\/sv\/produkt\/consultation-for-groups\/","title":{"rendered":"Gruppkonsultation"},"content":{"rendered":"<p><span style=\"font-weight: 400;\">Gruppterapi kan involvera en grupp p\u00e5 upp till 5-10 personer, baserat p\u00e5 tron \u200b\u200batt m\u00e4nniskor l\u00e4r sig b\u00e4ttre tillsammans av delade erfarenheter. Fokus f\u00f6r varje session kan str\u00e4cka sig fr\u00e5n en specifik eller en delad fr\u00e5ga. Detta erbjuder ett s\u00e4kert utrymme d\u00e4r gruppmedlemmarna kan k\u00e4nna att de inte \u00e4r ensamma om att k\u00e4nna vad de har, vilket ger en k\u00e4nsla av delad komfort.<\/span><\/p>","protected":false},"excerpt":{"rendered":"<p>Group therapy can involve a group of upto 5-10 people, based on the belief that people learn better together from shared experiences. The focus of each session could range from a specific or a shared issue. This offers a safe space where the group members can feel that they are not alone in feeling what [&hellip;]<\/p>","protected":false},"featured_media":1973,"comment_status":"open","ping_status":"closed","template":"","meta":{"site-sidebar-layout":"default","site-content-layout":"default","ast-site-content-layout":"","site-content-style":"default","site-sidebar-style":"default","ast-global-header-display":"","ast-banner-title-visibility":"","ast-main-header-display":"","ast-hfb-above-header-display":"","ast-hfb-below-header-display":"","ast-hfb-mobile-header-display":"","site-post-title":"","ast-breadcrumbs-content":"","ast-featured-img":"","footer-sml-layout":"","theme-transparent-header-meta":"default","adv-header-id-meta":"","stick-header-meta":"","header-above-stick-meta":"","header-main-stick-meta":"","header-below-stick-meta":"","astra-migrate-meta-layouts":"default","ast-page-background-enabled":"default","ast-page-background-meta":{"desktop":{"background-color":"var(--ast-global-color-4)","background-image":"","background-repeat":"repeat","background-position":"center center","background-size":"auto","background-attachment":"scroll","background-type":"","background-media":"","overlay-type":"","overlay-color":"","overlay-opacity":"","overlay-gradient":""},"tablet":{"background-color":"","background-image":"","background-repeat":"repeat","background-position":"center center","background-size":"auto","background-attachment":"scroll","background-type":"","background-media":"","overlay-type":"","overlay-color":"","overlay-opacity":"","overlay-gradient":""},"mobile":{"background-color":"","background-image":"","background-repeat":"repeat","background-position":"center center","background-size":"auto","background-attachment":"scroll","background-type":"","background-media":"","overlay-type":"","overlay-color":"","overlay-opacity":"","overlay-gradient":""}},"ast-content-background-meta":{"desktop":{"background-color":"var(--ast-global-color-5)","background-image":"","background-repeat":"repeat","background-position":"center center","background-size":"auto","background-attachment":"scroll","background-type":"","background-media":"","overlay-type":"","overlay-color":"","overlay-opacity":"","overlay-gradient":""},"tablet":{"background-color":"var(--ast-global-color-5)","background-image":"","background-repeat":"repeat","background-position":"center center","background-size":"auto","background-attachment":"scroll","background-type":"","background-media":"","overlay-type":"","overlay-color":"","overlay-opacity":"","overlay-gradient":""},"mobile":{"background-color":"var(--ast-global-color-5)","background-image":"","background-repeat":"repeat","background-position":"center center","background-size":"auto","background-attachment":"scroll","background-type":"","background-media":"","overlay-type":"","overlay-color":"","overlay-opacity":"","overlay-gradient":""}}},"product_cat":[27],"product_tag":[],"class_list":{"0":"post-1972","1":"product","2":"type-product","3":"status-publish","4":"has-post-thumbnail","6":"product_cat-uncategorized","7":"desktop-align-left","8":"tablet-align-left","9":"mobile-align-left","11":"first","12":"instock","13":"virtual","14":"purchasable","15":"product-type-simple"},"_links":{"self":[{"href":"https:\/\/samtaltherapy.com\/sv\/wp-json\/wp\/v2\/product\/1972","targetHints":{"allow":["GET"]}}],"collection":[{"href":"https:\/\/samtaltherapy.com\/sv\/wp-json\/wp\/v2\/product"}],"about":[{"href":"https:\/\/samtaltherapy.com\/sv\/wp-json\/wp\/v2\/types\/product"}],"replies":[{"embeddable":true,"href":"https:\/\/samtaltherapy.com\/sv\/wp-json\/wp\/v2\/comments?post=1972"}],"wp:featuredmedia":[{"embeddable":true,"href":"https:\/\/samtaltherapy.com\/sv\/wp-json\/wp\/v2\/media\/1973"}],"wp:attachment":[{"href":"https:\/\/samtaltherapy.com\/sv\/wp-json\/wp\/v2\/media?parent=1972"}],"wp:term":[{"taxonomy":"product_cat","embeddable":true,"href":"https:\/\/samtaltherapy.com\/sv\/wp-json\/wp\/v2\/product_cat?post=1972"},{"taxonomy":"product_tag","embeddable":true,"href":"https:\/\/samtaltherapy.com\/sv\/wp-json\/wp\/v2\/product_tag?post=1972"}],"curies":[{"name":"wp","href":"https:\/\/api.w.org\/{rel}","templated":true}]}}